{"id":4868,"date":"2025-05-23T14:45:40","date_gmt":"2025-05-23T12:45:40","guid":{"rendered":"https:\/\/force-x.eu\/disclaimer-datenschutzerklaerung\/"},"modified":"2025-06-06T14:16:37","modified_gmt":"2025-06-06T12:16:37","slug":"polityka-prywatnosci","status":"publish","type":"page","link":"https:\/\/force-x.eu\/pl\/polityka-prywatnosci\/","title":{"rendered":"Polityka prywatno\u015bci"},"content":{"rendered":"\n<h3 class=\"wp-block-heading\">Informacje og\u00f3lne<\/h3>\n\n\n\n<p>Poni\u017csze wskaz\u00f3wki w prosty spos\u00f3b wyja\u015bniaj\u0105, co dzieje si\u0119 z Pa\u0144stwa danymi osobowymi, gdy odwiedzaj\u0105 Pa\u0144stwo nasz\u0105 stron\u0119 internetow\u0105. Danymi osobowymi s\u0105 wszelkie informacje, umo\u017cliwiaj\u0105ce identyfikacj\u0119 osoby. Szczeg\u00f3\u0142owe informacje dotycz\u0105ce ochrony danych osobowych znajd\u0105 Pa\u0144stwo w niniejszej polityce prywatno\u015bci.<\/p>\n\n\n\n<h3 class=\"wp-block-heading\">Gromadzenie danych na naszej stronie internetowej<\/h3>\n\n\n\n<p><strong>Kto odpowiada za gromadzenie danych na tej stronie?<\/strong><\/p>\n\n\n\n<p>Przetwarzanie danych na tej stronie odbywa si\u0119 przez operatora strony. Dane kontaktowe operatora znajduj\u0105 si\u0119 w impressum tej witryny.<\/p>\n\n\n\n<p><strong>W jaki spos\u00f3b zbieramy Pa\u0144stwa dane?<\/strong><\/p>\n\n\n\n<p>Cz\u0119\u015b\u0107 danych przekazuj\u0105 nam Pa\u0144stwo samodzielnie, na przyk\u0142ad wpisuj\u0105c je w formularzu kontaktowym.<\/p>\n\n\n\n<p>Inne dane s\u0105 zapisywane automatycznie przez nasze systemy IT podczas wizyty na stronie. S\u0105 to przede wszystkim dane techniczne (np. przegl\u0105darka internetowa, system operacyjny, godzina wy\u015bwietlenia strony). Dane te s\u0105 zbierane automatycznie z chwil\u0105 wej\u015bcia na nasz\u0105 stron\u0119.<\/p>\n\n\n\n<p><strong>Do czego wykorzystujemy Pa\u0144stwa dane?<\/strong><\/p>\n\n\n\n<p>Cz\u0119\u015b\u0107 danych zbierana jest w celu zapewnienia prawid\u0142owego dzia\u0142ania strony. Inne mog\u0105 by\u0107 wykorzystywane do analizy zachowania u\u017cytkownik\u00f3w.<\/p>\n\n\n\n<p><strong>Jakie prawa Pa\u0144stwu przys\u0142uguj\u0105?<\/strong><\/p>\n\n\n\n<p>W ka\u017cdej chwili przys\u0142uguje Pa\u0144stwu prawo do bezp\u0142atnej informacji o pochodzeniu, odbiorcy i celu przechowywania danych osobowych. Maj\u0105 Pa\u0144stwo r\u00f3wnie\u017c prawo do sprostowania, zablokowania lub usuni\u0119cia tych danych. W tym celu oraz w przypadku innych pyta\u0144 dotycz\u0105cych ochrony danych mog\u0105 si\u0119 Pa\u0144stwo w dowolnym momencie zwr\u00f3ci\u0107 do nas pod adresem podanym w impressum. Ponadto przys\u0142uguje Pa\u0144stwu prawo wniesienia skargi do w\u0142a\u015bciwego organu nadzorczego.<\/p>\n\n\n\n<h3 class=\"wp-block-heading\">Narz\u0119dzia analityczne i narz\u0119dzia firm trzecich<\/h3>\n\n\n\n<p>Podczas wizyty na naszej stronie Pa\u0144stwa zachowanie w sieci mo\u017ce by\u0107 analizowane statystycznie. Odbywa si\u0119 to g\u0142\u00f3wnie za pomoc\u0105 plik\u00f3w cookie i program\u00f3w analitycznych. Analiza jest z regu\u0142y anonimowa i nie pozwala na identyfikacj\u0119 u\u017cytkownika. Mog\u0105 Pa\u0144stwo sprzeciwi\u0107 si\u0119 takiej analizie lub jej zapobiec, nie korzystaj\u0105c z okre\u015blonych narz\u0119dzi. Szczeg\u00f3\u0142owe informacje znajduj\u0105 si\u0119 w niniejszej polityce prywatno\u015bci.<\/p>\n\n\n\n<p>Mog\u0105 Pa\u0144stwo wnie\u015b\u0107 sprzeciw wobec tej analizy. O mo\u017cliwo\u015bciach sprzeciwu informujemy w niniejszej polityce prywatno\u015bci.<\/p>\n\n\n\n<h2 class=\"wp-block-heading\">2. Informacje og\u00f3lne i obowi\u0105zkowe<\/h2>\n\n\n\n<h3 class=\"wp-block-heading\">Ochrona danych<\/h3>\n\n\n\n<p>Operatorzy tych stron bardzo powa\u017cnie traktuj\u0105 ochron\u0119 Pa\u0144stwa danych osobowych. Traktujemy je poufnie i zgodnie z przepisami prawa o ochronie danych oraz niniejsz\u0105 polityk\u0105 prywatno\u015bci.<\/p>\n\n\n\n<p>Podczas korzystania z tej strony zbierane s\u0105 r\u00f3\u017cne dane osobowe. Niniejsza polityka prywatno\u015bci wyja\u015bnia, jakie dane zbieramy i w jakim celu. Wyja\u015bnia r\u00f3wnie\u017c, jak i dlaczego to robimy.<\/p>\n\n\n\n<p>Zwracamy uwag\u0119, \u017ce przesy\u0142anie danych w Internecie (np. podczas komunikacji e-mail) mo\u017ce mie\u0107 luki bezpiecze\u0144stwa. Ca\u0142kowita ochrona danych przed dost\u0119pem os\u00f3b trzecich nie jest mo\u017cliwa.<\/p>\n\n\n\n<h3 class=\"wp-block-heading\">Informacja o administratorze danych<\/h3>\n\n\n\n<p>Administratorem danych na tej stronie jest: Force X DE, Vondelpark 7, 1075 VR Amsterdam, Niederlande, info@force-x.eu\n\n\n\n<p>Administratorem danych jest osoba fizyczna lub prawna, kt\u00f3ra samodzielnie lub wsp\u00f3lnie z innymi decyduje o celach i sposobach przetwarzania danych osobowych (np. imion, adres\u00f3w e-mail itd.).<\/p>\n\n\n\n<h3 class=\"wp-block-heading\">Cofni\u0119cie zgody na przetwarzanie danych<\/h3>\n\n\n\n<p>Wiele operacji przetwarzania danych mo\u017cliwych jest wy\u0142\u0105cznie po uzyskaniu wyra\u017anej zgody u\u017cytkownika. Zgod\u0119 mo\u017cna w ka\u017cdej chwili odwo\u0142a\u0107 poprzez nieformaln\u0105 wiadomo\u015b\u0107 e-mail do nas. Odwo\u0142anie nie wp\u0142ywa na zgodno\u015b\u0107 z prawem przetwarzania danych, kt\u00f3rego dokonano przed odwo\u0142aniem zgody.<\/p>\n\n\n\n<h3 class=\"wp-block-heading\">Prawo do przenoszenia danych<\/h3>\n\n\n\n<p>Maj\u0105 Pa\u0144stwo prawo otrzyma\u0107 dane, kt\u00f3re przetwarzamy na podstawie zgody lub w ramach realizacji umowy, w u\u017cywanym, powszechnie stosowanym formacie nadaj\u0105cym si\u0119 do odczytu maszynowego. Je\u017celi za\u017c\u0105daj\u0105 Pa\u0144stwo bezpo\u015bredniego przekazania danych innemu administratorowi, nast\u0105pi to tylko w zakresie technicznie mo\u017cliwym.<\/p>\n\n\n\n<h3 class=\"wp-block-heading\">Szyfrowanie SSL lub TLS<\/h3>\n\n\n\n<p>Z uwagi na bezpiecze\u0144stwo i ochron\u0119 przesy\u0142ania tre\u015bci poufnych, takich jak zam\u00f3wienia czy zapytania, kt\u00f3re przesy\u0142aj\u0105 Pa\u0144stwo do nas jako operatora strony, stosujemy szyfrowanie SSL lub TLS. Zaszyfrowane po\u0142\u0105czenie rozpoznaj\u0105 Pa\u0144stwo po zmianie adresu w przegl\u0105darce z \u201ehttp:\/\/\u201d na \u201ehttps:\/\/\u201d oraz po ikonie k\u0142\u00f3dki w pasku adresu.<\/p>\n\n\n\n<p>Gdy szyfrowanie SSL lub TLS jest aktywne, dane przekazywane do nas nie mog\u0105 by\u0107 odczytane przez osoby trzecie.<\/p>\n\n\n\n<h3 class=\"wp-block-heading\">Prawo do informacji, blokowania, usuni\u0119cia<\/h3>\n\n\n\n<p>W ramach obowi\u0105zuj\u0105cych przepis\u00f3w maj\u0105 Pa\u0144stwo w ka\u017cdej chwili prawo do bezp\u0142atnej informacji o przechowywanych danych osobowych, ich pochodzeniu, odbiorcy i celu przetwarzania, a tak\u017ce prawo do sprostowania, zablokowania lub usuni\u0119cia tych danych. W tym celu oraz w przypadku innych pyta\u0144 dotycz\u0105cych danych osobowych mog\u0105 si\u0119 Pa\u0144stwo w dowolnym momencie zwr\u00f3ci\u0107 do nas pod adresem podanym w impressum.<\/p>\n\n\n\n<h2 class=\"wp-block-heading\">3. Gromadzenie danych na naszej stronie<\/h2>\n\n\n\n<h3 class=\"wp-block-heading\">Pliki cookie<\/h3>\n\n\n\n<p>Nasze strony internetowe cz\u0119\u015bciowo wykorzystuj\u0105 tzw. pliki cookie. Pliki cookie nie wyrz\u0105dzaj\u0105 szk\u00f3d na Pa\u0144stwa urz\u0105dzeniu i nie zawieraj\u0105 wirus\u00f3w. S\u0142u\u017c\u0105 one do tego, aby nasza oferta by\u0142a bardziej przyjazna dla u\u017cytkownika, efektywna i bezpieczna. Cookie to niewielkie pliki tekstowe zapisywane na Pa\u0144stwa urz\u0105dzeniu przez przegl\u0105dark\u0119.<\/p>\n\n\n\n<p>Wi\u0119kszo\u015b\u0107 u\u017cywanych przez nas plik\u00f3w to tzw. \u201ecookie sesyjne\u201d. S\u0105 one automatycznie usuwane po zako\u0144czeniu wizyty. Inne pozostaj\u0105 zapisane na urz\u0105dzeniu do momentu ich usuni\u0119cia. Dzi\u0119ki nim rozpoznajemy przegl\u0105dark\u0119 przy kolejnej wizycie.<\/p>\n\n\n\n<p>Mog\u0105 Pa\u0144stwo ustawi\u0107 przegl\u0105dark\u0119 tak, aby informowa\u0142a o zapisie cookie, zezwala\u0142a na nie tylko w pojedynczych przypadkach, wyklucza\u0142a je w okre\u015blonych sytuacjach lub ca\u0142kowicie oraz automatycznie usuwa\u0142a je po zamkni\u0119ciu przegl\u0105darki. Dezaktywacja cookie mo\u017ce ograniczy\u0107 funkcjonalno\u015b\u0107 strony.<\/p>\n\n\n\n<p>Pliki cookie niezb\u0119dne do realizacji elektronicznego procesu komunikacji lub udost\u0119pnienia okre\u015blonych funkcji (np. koszyka) zapisywane s\u0105 na podstawie art. 6 ust. 1 lit. f RODO. Operator strony ma uzasadniony interes w zapisie cookie w celu technicznie bezb\u0142\u0119dnego i optymalnego \u015bwiadczenia swoich us\u0142ug. W przypadku zapisu innych plik\u00f3w cookie (np. analitycznych) informujemy o nich oddzielnie w niniejszej polityce.<\/p>\n\n\n\n<h2 class=\"wp-block-heading\">4. Narz\u0119dzia analityczne i reklama<\/h2>\n\n\n\n<h3 class=\"wp-block-heading\">Google AdWords oraz \u015bledzenie konwersji Google<\/h3>\n\n\n\n<p>Ta strona korzysta z Google AdWords \u2013 internetowego programu reklamowego Google Inc., 1600 Amphitheatre Parkway, Mountain View, CA 94043, USA (\u201eGoogle\u201d).<\/p>\n\n\n\n<p>W ramach Google AdWords u\u017cywamy tzw. \u015bledzenia konwersji. Klikni\u0119cie reklamy Google powoduje zapis pliku cookie do \u015bledzenia konwersji. Cookie to niewielki plik tekstowy zapisywany przez przegl\u0105dark\u0119 u\u017cytkownika. Po 30 dniach plik cookie traci wa\u017cno\u015b\u0107 i nie s\u0142u\u017cy identyfikacji osoby. Je\u015bli u\u017cytkownik odwiedzi okre\u015blone strony tej witryny, a cookie nie wygas\u0142, Google i my mo\u017cemy rozpozna\u0107, \u017ce klikni\u0119to reklam\u0119 i przekierowano na t\u0119 stron\u0119.<\/p>\n\n\n\n<p>Ka\u017cdy klient Google AdWords otrzymuje inny plik cookie. Cookie nie mog\u0105 by\u0107 \u015bledzone przez strony innych klient\u00f3w AdWords. Informacje zebrane przy pomocy cookie konwersji s\u0142u\u017c\u0105 do tworzenia statystyk konwersji dla klient\u00f3w AdWords, kt\u00f3rzy zdecydowali si\u0119 na \u015bledzenie konwersji. Klienci dowiaduj\u0105 si\u0119, ile os\u00f3b klikn\u0119\u0142o ich reklam\u0119 i zosta\u0142o przekierowanych na stron\u0119 oznaczon\u0105 tagiem konwersji. Nie otrzymuj\u0105 jednak informacji pozwalaj\u0105cych na identyfikacj\u0119 u\u017cytkownik\u00f3w. Je\u015bli nie chc\u0105 Pa\u0144stwo bra\u0107 udzia\u0142u w \u015bledzeniu, mog\u0105 Pa\u0144stwo \u0142atwo dezaktywowa\u0107 cookie \u015bledzenia konwersji Google w ustawieniach przegl\u0105darki. Nie b\u0119d\u0105 wtedy uwzgl\u0119dniani w statystykach konwersji.<\/p>\n\n\n\n<p>Zapis \u201ecookie konwersji\u201d odbywa si\u0119 na podstawie art. 6 ust. 1 lit. f RODO. Operator strony ma uzasadniony interes w analizie zachowa\u0144 u\u017cytkownik\u00f3w w celu optymalizacji oferty internetowej i reklamy.<\/p>\n\n\n\n<p>Wi\u0119cej informacji o Google AdWords i \u015bledzeniu konwersji Google znajd\u0105 Pa\u0144stwo w polityce prywatno\u015bci Google: <a href=\"https:\/\/www.google.de\/policies\/privacy\/\" target=\"_blank\" rel=\"noreferrer noopener\">https:\/\/www.google.de\/policies\/privacy\/<\/a>.<\/p>\n\n\n\n<p>Mog\u0105 Pa\u0144stwo ustawi\u0107 przegl\u0105dark\u0119 tak, aby informowa\u0142a o zapisie cookie, zezwala\u0142a na nie tylko w pojedynczych przypadkach, wyklucza\u0142a je w okre\u015blonych sytuacjach lub ca\u0142kowicie oraz automatycznie usuwa\u0142a je po zamkni\u0119ciu przegl\u0105darki. Dezaktywacja cookie mo\u017ce ograniczy\u0107 funkcjonalno\u015b\u0107 strony.<\/p>\n\n\n\n<h2 class=\"wp-block-heading\">5. Na co zwr\u00f3ci\u0107 uwag\u0119 przy linkach do innych stron?<\/h2>\n\n\n\n<p>Nasza strona zawiera linki do serwis\u00f3w stron trzecich. Po klikni\u0119ciu takiego linku informujemy, \u017ce te serwisy maj\u0105 w\u0142asne polityki prywatno\u015bci, za kt\u00f3re nie ponosimy odpowiedzialno\u015bci. Prosimy zapozna\u0107 si\u0119 z nimi przed dobrowolnym przekazaniem danych osobowych tym serwisom.<\/p>\n\n\n\n<p>Linki zewn\u0119trzne oznaczone s\u0105 nast\u0119puj\u0105cym symbolem: *<\/p>\n\n\n\n<p>Dane s\u0105 przekazywane do celu linku dopiero po klikni\u0119ciu w link. Wynika to z protoko\u0142u TCP\/IP, na kt\u00f3rym opiera si\u0119 Internet. Przekazywane dane to w szczeg\u00f3lno\u015bci: adres IP, czas klikni\u0119cia, strona, na kt\u00f3rej klikni\u0119to link.<\/p>\n\n\n\n<p>Pojedyncze linki mog\u0105 powodowa\u0107 przekazanie danych do pa\u0144stw pozaeuropejskich. Mo\u017ce to oznacza\u0107, \u017ce zagraniczne podmioty trzecie, organy lub s\u0142u\u017cby specjalne uzyskaj\u0105 dost\u0119p do danych. Gdyby Donald Trump ponownie zosta\u0142 prezydentem USA, r\u00f3wnie\u017c on m\u00f3g\u0142by mie\u0107 do nich wgl\u0105d lub taki wgl\u0105d wymusi\u0107. Je\u015bli nie chc\u0105 Pa\u0144stwo, aby wymienione dane by\u0142y przekazywane do celu linku lub do os\u00f3b trzecich, prosimy nie klika\u0107 linku.<\/p>\n","protected":false},"excerpt":{"rendered":"<p>Informacje og\u00f3lne Poni\u017csze wskaz\u00f3wki w prosty spos\u00f3b wyja\u015bniaj\u0105, co dzieje si\u0119 z Pa\u0144stwa danymi osobowymi, gdy odwiedzaj\u0105 Pa\u0144stwo nasz\u0105 stron\u0119 internetow\u0105. Danymi osobowymi s\u0105 wszelkie informacje, umo\u017cliwiaj\u0105ce identyfikacj\u0119 osoby. Szczeg\u00f3\u0142owe informacje dotycz\u0105ce ochrony danych osobowych znajd\u0105 Pa\u0144stwo w niniejszej polityce prywatno\u015bci. Gromadzenie danych na naszej stronie internetowej Kto odpowiada za gromadzenie danych na tej stronie? [&hellip;]<\/p>\n","protected":false},"author":4,"featured_media":0,"parent":0,"menu_order":0,"comment_status":"closed","ping_status":"closed","template":"","meta":{"footnotes":""},"class_list":["post-4868","page","type-page","status-publish","hentry"],"rankMath":{"parentDomain":"force-x.eu","noFollowDomains":[],"noFollowExcludeDomains":[],"noFollowExternalLinks":false,"featuredImageNotice":"Prezentowany obraz powinien mie\u0107 co najmniej 200 na 200 pikseli, aby m\u00f3g\u0142 go pobra\u0107 Facebook i inne serwisy spo\u0142eczno\u015bciowe.","pluginReviewed":true,"postSettings":{"linkSuggestions":true,"useFocusKeyword":false},"frontEndScore":false,"postName":"polityka-prywatnosci","permalinkFormat":"https:\/\/force-x.eu\/pl\/%pagename%\/","showLockModifiedDate":true,"assessor":{"focusKeywordLink":"https:\/\/force-x.eu\/wp-admin\/edit.php?focus_keyword=%focus_keyword%&post_type=%post_type%","hasTOCPlugin":{"table-of-contents-plus\/toc.php":"Table of Contents Plus"},"primaryTaxonomy":false,"serpData":{"title":"","description":"","focusKeywords":"","pillarContent":false,"canonicalUrl":"","breadcrumbTitle":"","advancedRobots":{"max-snippet":"-1","max-video-preview":"-1","max-image-preview":"large"},"facebookTitle":"","facebookDescription":"","facebookImage":"","facebookImageID":"","facebookHasOverlay":false,"facebookImageOverlay":"","facebookAuthor":"","twitterCardType":"","twitterUseFacebook":true,"twitterTitle":"","twitterDescription":"","twitterImage":"","twitterImageID":"","twitterHasOverlay":false,"twitterImageOverlay":"","twitterPlayerUrl":"","twitterPlayerSize":"","twitterPlayerStream":"","twitterPlayerStreamCtype":"","twitterAppDescription":"","twitterAppIphoneName":"","twitterAppIphoneID":"","twitterAppIphoneUrl":"","twitterAppIpadName":"","twitterAppIpadID":"","twitterAppIpadUrl":"","twitterAppGoogleplayName":"","twitterAppGoogleplayID":"","twitterAppGoogleplayUrl":"","twitterAppCountry":"","robots":{"noindex":true,"noarchive":true,"noimageindex":true,"nosnippet":true},"twitterAuthor":"u\u017cytkownik","primaryTerm":0,"authorName":"Force X Kapseln","titleTemplate":"%title% %page% %sep% %sitename%","descriptionTemplate":"%excerpt%","showScoreFrontend":true,"lockModifiedDate":false},"powerWords":[],"diacritics":{"A":"[\\u0041\\u24B6\\uFF21\\u00C0\\u00C1\\u00C2\\u1EA6\\u1EA4\\u1EAA\\u1EA8\\u00C3\\u0100\\u0102\\u1EB0\\u1EAE\\u1EB4\\u1EB2\\u0226\\u01E0\\u00C4\\u01DE\\u1EA2\\u00C5\\u01FA\\u01CD\\u0200\\u0202\\u1EA0\\u1EAC\\u1EB6\\u1E00\\u0104\\u023A\\u2C6F]","AA":"[\\uA732]","AE":"[\\u00C6\\u01FC\\u01E2]","AO":"[\\uA734]","AU":"[\\uA736]","AV":"[\\uA738\\uA73A]","AY":"[\\uA73C]","B":"[\\u0042\\u24B7\\uFF22\\u1E02\\u1E04\\u1E06\\u0243\\u0182\\u0181]","C":"[\\u0043\\u24B8\\uFF23\\u0106\\u0108\\u010A\\u010C\\u00C7\\u1E08\\u0187\\u023B\\uA73E]","D":"[\\u0044\\u24B9\\uFF24\\u1E0A\\u010E\\u1E0C\\u1E10\\u1E12\\u1E0E\\u0110\\u018B\\u018A\\u0189\\uA779]","DZ":"[\\u01F1\\u01C4]","Dz":"[\\u01F2\\u01C5]","E":"[\\u0045\\u24BA\\uFF25\\u00C8\\u00C9\\u00CA\\u1EC0\\u1EBE\\u1EC4\\u1EC2\\u1EBC\\u0112\\u1E14\\u1E16\\u0114\\u0116\\u00CB\\u1EBA\\u011A\\u0204\\u0206\\u1EB8\\u1EC6\\u0228\\u1E1C\\u0118\\u1E18\\u1E1A\\u0190\\u018E]","F":"[\\u0046\\u24BB\\uFF26\\u1E1E\\u0191\\uA77B]","G":"[\\u0047\\u24BC\\uFF27\\u01F4\\u011C\\u1E20\\u011E\\u0120\\u01E6\\u0122\\u01E4\\u0193\\uA7A0\\uA77D\\uA77E]","H":"[\\u0048\\u24BD\\uFF28\\u0124\\u1E22\\u1E26\\u021E\\u1E24\\u1E28\\u1E2A\\u0126\\u2C67\\u2C75\\uA78D]","I":"[\\u0049\\u24BE\\uFF29\\u00CC\\u00CD\\u00CE\\u0128\\u012A\\u012C\\u0130\\u00CF\\u1E2E\\u1EC8\\u01CF\\u0208\\u020A\\u1ECA\\u012E\\u1E2C\\u0197]","J":"[\\u004A\\u24BF\\uFF2A\\u0134\\u0248]","K":"[\\u004B\\u24C0\\uFF2B\\u1E30\\u01E8\\u1E32\\u0136\\u1E34\\u0198\\u2C69\\uA740\\uA742\\uA744\\uA7A2]","L":"[\\u004C\\u24C1\\uFF2C\\u013F\\u0139\\u013D\\u1E36\\u1E38\\u013B\\u1E3C\\u1E3A\\u0141\\u023D\\u2C62\\u2C60\\uA748\\uA746\\uA780]","LJ":"[\\u01C7]","Lj":"[\\u01C8]","M":"[\\u004D\\u24C2\\uFF2D\\u1E3E\\u1E40\\u1E42\\u2C6E\\u019C]","N":"[\\u004E\\u24C3\\uFF2E\\u01F8\\u0143\\u00D1\\u1E44\\u0147\\u1E46\\u0145\\u1E4A\\u1E48\\u0220\\u019D\\uA790\\uA7A4]","NJ":"[\\u01CA]","Nj":"[\\u01CB]","O":"[\\u004F\\u24C4\\uFF2F\\u00D2\\u00D3\\u00D4\\u1ED2\\u1ED0\\u1ED6\\u1ED4\\u00D5\\u1E4C\\u022C\\u1E4E\\u014C\\u1E50\\u1E52\\u014E\\u022E\\u0230\\u00D6\\u022A\\u1ECE\\u0150\\u01D1\\u020C\\u020E\\u01A0\\u1EDC\\u1EDA\\u1EE0\\u1EDE\\u1EE2\\u1ECC\\u1ED8\\u01EA\\u01EC\\u00D8\\u01FE\\u0186\\u019F\\uA74A\\uA74C]","OI":"[\\u01A2]","OO":"[\\uA74E]","OU":"[\\u0222]","P":"[\\u0050\\u24C5\\uFF30\\u1E54\\u1E56\\u01A4\\u2C63\\uA750\\uA752\\uA754]","Q":"[\\u0051\\u24C6\\uFF31\\uA756\\uA758\\u024A]","R":"[\\u0052\\u24C7\\uFF32\\u0154\\u1E58\\u0158\\u0210\\u0212\\u1E5A\\u1E5C\\u0156\\u1E5E\\u024C\\u2C64\\uA75A\\uA7A6\\uA782]","S":"[\\u0053\\u24C8\\uFF33\\u1E9E\\u015A\\u1E64\\u015C\\u1E60\\u0160\\u1E66\\u1E62\\u1E68\\u0218\\u015E\\u2C7E\\uA7A8\\uA784]","T":"[\\u0054\\u24C9\\uFF34\\u1E6A\\u0164\\u1E6C\\u021A\\u0162\\u1E70\\u1E6E\\u0166\\u01AC\\u01AE\\u023E\\uA786]","TZ":"[\\uA728]","U":"[\\u0055\\u24CA\\uFF35\\u00D9\\u00DA\\u00DB\\u0168\\u1E78\\u016A\\u1E7A\\u016C\\u00DC\\u01DB\\u01D7\\u01D5\\u01D9\\u1EE6\\u016E\\u0170\\u01D3\\u0214\\u0216\\u01AF\\u1EEA\\u1EE8\\u1EEE\\u1EEC\\u1EF0\\u1EE4\\u1E72\\u0172\\u1E76\\u1E74\\u0244]","V":"[\\u0056\\u24CB\\uFF36\\u1E7C\\u1E7E\\u01B2\\uA75E\\u0245]","VY":"[\\uA760]","W":"[\\u0057\\u24CC\\uFF37\\u1E80\\u1E82\\u0174\\u1E86\\u1E84\\u1E88\\u2C72]","X":"[\\u0058\\u24CD\\uFF38\\u1E8A\\u1E8C]","Y":"[\\u0059\\u24CE\\uFF39\\u1EF2\\u00DD\\u0176\\u1EF8\\u0232\\u1E8E\\u0178\\u1EF6\\u1EF4\\u01B3\\u024E\\u1EFE]","Z":"[\\u005A\\u24CF\\uFF3A\\u0179\\u1E90\\u017B\\u017D\\u1E92\\u1E94\\u01B5\\u0224\\u2C7F\\u2C6B\\uA762]","a":"[\\u0061\\u24D0\\uFF41\\u1E9A\\u00E0\\u00E1\\u00E2\\u1EA7\\u1EA5\\u1EAB\\u1EA9\\u00E3\\u0101\\u0103\\u1EB1\\u1EAF\\u1EB5\\u1EB3\\u0227\\u01E1\\u00E4\\u01DF\\u1EA3\\u00E5\\u01FB\\u01CE\\u0201\\u0203\\u1EA1\\u1EAD\\u1EB7\\u1E01\\u0105\\u2C65\\u0250]","aa":"[\\uA733]","ae":"[\\u00E6\\u01FD\\u01E3]","ao":"[\\uA735]","au":"[\\uA737]","av":"[\\uA739\\uA73B]","ay":"[\\uA73D]","b":"[\\u0062\\u24D1\\uFF42\\u1E03\\u1E05\\u1E07\\u0180\\u0183\\u0253]","c":"[\\u0063\\u24D2\\uFF43\\u0107\\u0109\\u010B\\u010D\\u00E7\\u1E09\\u0188\\u023C\\uA73F\\u2184]","d":"[\\u0064\\u24D3\\uFF44\\u1E0B\\u010F\\u1E0D\\u1E11\\u1E13\\u1E0F\\u0111\\u018C\\u0256\\u0257\\uA77A]","dz":"[\\u01F3\\u01C6]","e":"[\\u0065\\u24D4\\uFF45\\u00E8\\u00E9\\u00EA\\u1EC1\\u1EBF\\u1EC5\\u1EC3\\u1EBD\\u0113\\u1E15\\u1E17\\u0115\\u0117\\u00EB\\u1EBB\\u011B\\u0205\\u0207\\u1EB9\\u1EC7\\u0229\\u1E1D\\u0119\\u1E19\\u1E1B\\u0247\\u025B\\u01DD]","f":"[\\u0066\\u24D5\\uFF46\\u1E1F\\u0192\\uA77C]","g":"[\\u0067\\u24D6\\uFF47\\u01F5\\u011D\\u1E21\\u011F\\u0121\\u01E7\\u0123\\u01E5\\u0260\\uA7A1\\u1D79\\uA77F]","h":"[\\u0068\\u24D7\\uFF48\\u0125\\u1E23\\u1E27\\u021F\\u1E25\\u1E29\\u1E2B\\u1E96\\u0127\\u2C68\\u2C76\\u0265]","hv":"[\\u0195]","i":"[\\u0069\\u24D8\\uFF49\\u00EC\\u00ED\\u00EE\\u0129\\u012B\\u012D\\u00EF\\u1E2F\\u1EC9\\u01D0\\u0209\\u020B\\u1ECB\\u012F\\u1E2D\\u0268\\u0131]","j":"[\\u006A\\u24D9\\uFF4A\\u0135\\u01F0\\u0249]","k":"[\\u006B\\u24DA\\uFF4B\\u1E31\\u01E9\\u1E33\\u0137\\u1E35\\u0199\\u2C6A\\uA741\\uA743\\uA745\\uA7A3]","l":"[\\u006C\\u24DB\\uFF4C\\u0140\\u013A\\u013E\\u1E37\\u1E39\\u013C\\u1E3D\\u1E3B\\u017F\\u0142\\u019A\\u026B\\u2C61\\uA749\\uA781\\uA747]","lj":"[\\u01C9]","m":"[\\u006D\\u24DC\\uFF4D\\u1E3F\\u1E41\\u1E43\\u0271\\u026F]","n":"[\\u006E\\u24DD\\uFF4E\\u01F9\\u0144\\u00F1\\u1E45\\u0148\\u1E47\\u0146\\u1E4B\\u1E49\\u019E\\u0272\\u0149\\uA791\\uA7A5]","nj":"[\\u01CC]","o":"[\\u006F\\u24DE\\uFF4F\\u00F2\\u00F3\\u00F4\\u1ED3\\u1ED1\\u1ED7\\u1ED5\\u00F5\\u1E4D\\u022D\\u1E4F\\u014D\\u1E51\\u1E53\\u014F\\u022F\\u0231\\u00F6\\u022B\\u1ECF\\u0151\\u01D2\\u020D\\u020F\\u01A1\\u1EDD\\u1EDB\\u1EE1\\u1EDF\\u1EE3\\u1ECD\\u1ED9\\u01EB\\u01ED\\u00F8\\u01FF\\u0254\\uA74B\\uA74D\\u0275]","oi":"[\\u01A3]","ou":"[\\u0223]","oo":"[\\uA74F]","p":"[\\u0070\\u24DF\\uFF50\\u1E55\\u1E57\\u01A5\\u1D7D\\uA751\\uA753\\uA755]","q":"[\\u0071\\u24E0\\uFF51\\u024B\\uA757\\uA759]","r":"[\\u0072\\u24E1\\uFF52\\u0155\\u1E59\\u0159\\u0211\\u0213\\u1E5B\\u1E5D\\u0157\\u1E5F\\u024D\\u027D\\uA75B\\uA7A7\\uA783]","s":"[\\u0073\\u24E2\\uFF53\\u015B\\u1E65\\u015D\\u1E61\\u0161\\u1E67\\u1E63\\u1E69\\u0219\\u015F\\u023F\\uA7A9\\uA785\\u1E9B]","ss":"[\\u00DF]","t":"[\\u0074\\u24E3\\uFF54\\u1E6B\\u1E97\\u0165\\u1E6D\\u021B\\u0163\\u1E71\\u1E6F\\u0167\\u01AD\\u0288\\u2C66\\uA787]","tz":"[\\uA729]","u":"[\\u0075\\u24E4\\uFF55\\u00F9\\u00FA\\u00FB\\u0169\\u1E79\\u016B\\u1E7B\\u016D\\u00FC\\u01DC\\u01D8\\u01D6\\u01DA\\u1EE7\\u016F\\u0171\\u01D4\\u0215\\u0217\\u01B0\\u1EEB\\u1EE9\\u1EEF\\u1EED\\u1EF1\\u1EE5\\u1E73\\u0173\\u1E77\\u1E75\\u0289]","v":"[\\u0076\\u24E5\\uFF56\\u1E7D\\u1E7F\\u028B\\uA75F\\u028C]","vy":"[\\uA761]","w":"[\\u0077\\u24E6\\uFF57\\u1E81\\u1E83\\u0175\\u1E87\\u1E85\\u1E98\\u1E89\\u2C73]","x":"[\\u0078\\u24E7\\uFF58\\u1E8B\\u1E8D]","y":"[\\u0079\\u24E8\\uFF59\\u1EF3\\u00FD\\u0177\\u1EF9\\u0233\\u1E8F\\u00FF\\u1EF7\\u1E99\\u1EF5\\u01B4\\u024F\\u1EFF]","z":"[\\u007A\\u24E9\\uFF5A\\u017A\\u1E91\\u017C\\u017E\\u1E93\\u1E95\\u01B6\\u0225\\u0240\\u2C6C\\uA763]"},"researchesTests":["contentHasTOC","contentHasShortParagraphs","contentHasAssets","keywordInTitle","keywordInMetaDescription","keywordInPermalink","keywordIn10Percent","keywordInContent","keywordInSubheadings","keywordInImageAlt","keywordDensity","keywordNotUsed","lengthContent","lengthPermalink","linksHasInternal","linksHasExternals","linksNotAllExternals","titleStartWithKeyword","titleSentiment","titleHasPowerWords","titleHasNumber","hasContentAI"],"hasRedirection":true,"hasBreadcrumb":true},"homeUrl":"https:\/\/force-x.eu\/pl\/","objectID":4868,"objectType":"post","locale":"pl","localeFull":"pl_PL","overlayImages":{"play":{"name":"Ikona PLAY","url":"https:\/\/force-x.eu\/wp-content\/plugins\/seo-by-rank-math\/assets\/admin\/img\/icon-play.png","path":"\/www\/htdocs\/w02000d4\/force-x.eu\/wp-content\/plugins\/seo-by-rank-math\/assets\/admin\/img\/icon-play.png","position":"middle_center"},"gif":{"name":"Ikona GIF","url":"https:\/\/force-x.eu\/wp-content\/plugins\/seo-by-rank-math\/assets\/admin\/img\/icon-gif.png","path":"\/www\/htdocs\/w02000d4\/force-x.eu\/wp-content\/plugins\/seo-by-rank-math\/assets\/admin\/img\/icon-gif.png","position":"middle_center"}},"defautOgImage":"https:\/\/force-x.eu\/wp-content\/uploads\/2025\/06\/force-x.webp","customPermalinks":true,"isUserRegistered":true,"autoSuggestKeywords":true,"connectSiteUrl":"https:\/\/rankmath.com\/auth?site=https%3A%2F%2Fforce-x.eu%2Fpl%2F&r=https%3A%2F%2Fforce-x.eu%2Fpl%2Fwp-json%2Fwp%2Fv2%2Fpages%2F4868%3Fnonce%3D0d8ce179d5&pro=1","maxTags":100,"trendsIcon":"<svg viewBox=\"0 0 610 610\"><path d=\"M18.85,446,174.32,290.48l58.08,58.08L76.93,504a14.54,14.54,0,0,1-20.55,0L18.83,466.48a14.54,14.54,0,0,1,0-20.55Z\" style=\"fill:#4285f4\"\/><path d=\"M242.65,242.66,377.59,377.6l-47.75,47.75a14.54,14.54,0,0,1-20.55,0L174.37,290.43l47.75-47.75A14.52,14.52,0,0,1,242.65,242.66Z\" style=\"fill:#ea4335\"\/><polygon points=\"319.53 319.53 479.26 159.8 537.34 217.88 377.61 377.62 319.53 319.53\" style=\"fill:#fabb05\"\/><path d=\"M594.26,262.73V118.61h0a16.94,16.94,0,0,0-16.94-16.94H433.2a16.94,16.94,0,0,0-12,28.92L565.34,274.71h0a16.94,16.94,0,0,0,28.92-12Z\" style=\"fill:#34a853\"\/><rect width=\"610\" height=\"610\" style=\"fill:none\"\/><\/svg>","showScore":true,"siteFavIcon":"https:\/\/force-x.eu\/wp-content\/uploads\/2025\/05\/sun-1-150x150.png","canUser":{"general":false,"advanced":false,"snippet":false,"social":false,"analysis":false,"analytics":false,"content_ai":false},"showKeywordIntent":true,"isPro":true,"is_front_page":false,"trendsUpgradeLink":"https:\/\/rankmath.com\/pricing\/?utm_source=Plugin&utm_medium=CE%20General%20Tab%20Trends&utm_campaign=WP","trendsUpgradeLabel":"Ulepszenie","trendsPreviewImage":"https:\/\/force-x.eu\/wp-content\/plugins\/seo-by-rank-math\/assets\/admin\/img\/trends-preview.jpg","currentEditor":false,"homepageData":{"assessor":{"powerWords":[],"diacritics":true,"researchesTests":["contentHasTOC","contentHasShortParagraphs","contentHasAssets","keywordInTitle","keywordInMetaDescription","keywordInPermalink","keywordIn10Percent","keywordInContent","keywordInSubheadings","keywordInImageAlt","keywordDensity","keywordNotUsed","lengthContent","lengthPermalink","linksHasInternal","linksHasExternals","linksNotAllExternals","titleStartWithKeyword","titleSentiment","titleHasPowerWords","titleHasNumber","hasContentAI"],"hasBreadcrumb":true,"serpData":{"title":"%sitename% %page% %sep% %sitedesc%","description":"","titleTemplate":"%sitename% %page% %sep% %sitedesc%","descriptionTemplate":"","focusKeywords":"","breadcrumbTitle":"Home","robots":{"index":true,"noarchive":true},"advancedRobots":{"max-snippet":"-1","max-video-preview":"-1","max-image-preview":"large"},"facebookTitle":"","facebookDescription":"","facebookImage":"","facebookImageID":""}}},"isAnalyticsConnected":false,"tocTitle":"Table of Contents","tocExcludeHeadings":[],"listStyle":"ul"},"_links":{"self":[{"href":"https:\/\/force-x.eu\/pl\/wp-json\/wp\/v2\/pages\/4868","targetHints":{"allow":["GET"]}}],"collection":[{"href":"https:\/\/force-x.eu\/pl\/wp-json\/wp\/v2\/pages"}],"about":[{"href":"https:\/\/force-x.eu\/pl\/wp-json\/wp\/v2\/types\/page"}],"author":[{"embeddable":true,"href":"https:\/\/force-x.eu\/pl\/wp-json\/wp\/v2\/users\/4"}],"replies":[{"embeddable":true,"href":"https:\/\/force-x.eu\/pl\/wp-json\/wp\/v2\/comments?post=4868"}],"version-history":[{"count":0,"href":"https:\/\/force-x.eu\/pl\/wp-json\/wp\/v2\/pages\/4868\/revisions"}],"wp:attachment":[{"href":"https:\/\/force-x.eu\/pl\/wp-json\/wp\/v2\/media?parent=4868"}],"curies":[{"name":"wp","href":"https:\/\/api.w.org\/{rel}","templated":true}]}}