{"id":4899,"date":"2025-05-23T15:10:57","date_gmt":"2025-05-23T13:10:57","guid":{"rendered":"https:\/\/force-x.eu\/studien\/"},"modified":"2025-06-06T14:46:17","modified_gmt":"2025-06-06T12:46:17","slug":"badania-naukowe","status":"publish","type":"page","link":"https:\/\/force-x.eu\/pl\/badania-naukowe\/","title":{"rendered":"Badania naukowe"},"content":{"rendered":"\t\t<div data-elementor-type=\"wp-page\" data-elementor-id=\"4899\" class=\"elementor elementor-4899 elementor-3631\">\n\t\t\t\t\t\t<section class=\"elementor-section elementor-top-section elementor-element elementor-element-6f707ee5 elementor-section-boxed elementor-section-height-default elementor-section-height-default\" data-id=\"6f707ee5\" data-element_type=\"section\">\n\t\t\t\t\t\t<div class=\"elementor-container elementor-column-gap-default\">\n\t\t\t\t\t<div class=\"elementor-column elementor-col-100 elementor-top-column elementor-element elementor-element-3c446339\" data-id=\"3c446339\" data-element_type=\"column\">\n\t\t\t<div class=\"elementor-widget-wrap elementor-element-populated\">\n\t\t\t\t\t\t<div class=\"elementor-element elementor-element-7bf8f468 elementor-widget elementor-widget-text-editor\" data-id=\"7bf8f468\" data-element_type=\"widget\" data-widget_type=\"text-editor.default\">\n\t\t\t\t<div class=\"elementor-widget-container\">\n\t\t\t\t\t\t\t\t\t<p><div class=\"sue-panel\" data-url=\"\" data-target=\"self\" style=\"background-color:#ffffff;color:#333333;border-radius:0px;-moz-border-radius:0px;-webkit-border-radius:0px;box-shadow:0px 1px 2px #eeeeee;-moz-box-shadow:0px 1px 2px #eeeeee;-webkit-box-shadow:0px 1px 2px #eeeeee;border:1px solid #cccccc\"><div class=\"sue-panel-content sue-content-wrap\" style=\"padding:15px;text-align:left\">Aby\u015b m\u00f3g\u0142 zrozumie\u0107, dlaczego w\u0142a\u015bnie ta kombinacja substancji czynnych znalaz\u0142a si\u0119 w Force X\u00ae, gromadzimy najnowsz\u0105 literatur\u0119 fachow\u0105 na temat soli \u03b2-hydroksyma\u015blanowych (BHB) oraz powi\u0105zanych minera\u0142\u00f3w. Wszystkie odsy\u0142acze prowadz\u0105 bezpo\u015brednio do PubMed \u2013 najwi\u0119kszej og\u00f3lnodost\u0119pnej bazy danych bada\u0144 biomedycznych.<\/div><\/div><\/p><p><div class=\"sue-panel\" data-url=\"\" data-target=\"self\" style=\"background-color:#ffffff;color:#333333;border-radius:0px;-moz-border-radius:0px;-webkit-border-radius:0px;box-shadow:0px 1px 2px #eeeeee;-moz-box-shadow:0px 1px 2px #eeeeee;-webkit-box-shadow:0px 1px 2px #eeeeee;border:1px solid #cccccc\"><div class=\"sue-panel-content sue-content-wrap\" style=\"padding:15px;text-align:left\"><\/div><\/div><\/p><h2 style=\"text-align: left;\">\u2753 Dlaczego osobna strona z badaniami?<\/h2><p><em>Uwaga: Prezentowane badania opisuj\u0105 dzia\u0142anie pojedynczych sk\u0142adnik\u00f3w lub formulacji \u2013 niekoniecznie dzia\u0142anie Force X\u00ae jako ca\u0142o\u015bci.<\/em><br \/><div class=\"su-divider su-divider-style-dashed\" style=\"margin:15px 0;border-width:1px;border-color:#c6c6c6\"><\/div><\/p><h2 style=\"text-align: left;\">\u26a1\ufe0f Magnez-BHB \u2013 skupienie na metabolizmie energetycznym<\/h2><p><div class=\"su-list\" style=\"margin-left:0px\"><\/p><ul><li><i class=\"sui sui-caret-right\" style=\"color:#333\"><\/i> **Magnez** udowodniono, \u017ce przyczynia si\u0119 do **prawid\u0142owego metabolizmu energetycznego**.<\/li><li><i class=\"sui sui-caret-right\" style=\"color:#333\"><\/i> W randomizowanym badaniu po\u0142\u0105czenie egzogennych <em>BHB<\/em> z w\u0119glowodanami poprawi\u0142o wybrane parametry wydolno\u015bciowe podczas wysi\u0142ku wytrzyma\u0142o\u015bciowego. <a href=\"https:\/\/pubmed.ncbi.nlm.nih.gov\/36893935\/\" target=\"_blank\" rel=\"noopener\">PubMed ID 36893935<\/a><\/li><li><i class=\"sui sui-caret-right\" style=\"color:#333\"><\/i> Ketony w po\u0142\u0105czeniu z minera\u0142ami wykaza\u0142y korzystny wp\u0142yw na stabilno\u015b\u0107 glikemii \u2013 potencjalna zaleta dla r\u00f3wnomiernego poziomu energii.<\/li><\/ul><p><\/div><br \/><div class=\"su-divider su-divider-style-dashed\" style=\"margin:15px 0;border-width:1px;border-color:#c6c6c6\"><\/div><\/p><h2 style=\"text-align: left;\">\u2b50\ufe0f Wap\u0144-BHB \u2013 sk\u0142ad cia\u0142a i muskulatura<\/h2><p><div class=\"su-list\" style=\"margin-left:0px\"><\/p><ul><li><i class=\"sui sui-caret-right\" style=\"color:#333\"><\/i> Kontrolowane, 6-tygodniowe badanie wskazuje, \u017ce <em>sole BHB<\/em> mog\u0105 wspiera\u0107 utrzymanie bezt\u0142uszczowej masy cia\u0142a w trakcie planu o obni\u017conej kaloryczno\u015bci. <a href=\"https:\/\/pubmed.ncbi.nlm.nih.gov\/33869263\/\" target=\"_blank\" rel=\"noopener\">PubMed ID 33869263<\/a><\/li><li><i class=\"sui sui-caret-right\" style=\"color:#333\"><\/i> **Wap\u0144** uczestniczy w prawid\u0142owym funkcjonowaniu enzym\u00f3w trawiennych \u2013 wa\u017cne dla optymalnego wykorzystania sk\u0142adnik\u00f3w od\u017cywczych.<\/li><\/ul><p><\/div><br \/><div class=\"su-divider su-divider-style-dashed\" style=\"margin:15px 0;border-width:1px;border-color:#c6c6c6\"><\/div><\/p><h2 style=\"text-align: left;\">\u269b\ufe0f S\u00f3d-BHB \u2013 funkcje poznawcze i wytrzyma\u0142o\u015b\u0107<\/h2><p><div class=\"su-list\" style=\"margin-left:0px\"><\/p><ul><li><i class=\"sui sui-caret-right\" style=\"color:#333\"><\/i> Podwy\u017cszony poziom <em>BHB<\/em> korelowa\u0142 u starszych doros\u0142ych ze stabilniejszym zaopatrzeniem m\u00f3zgu w energi\u0119 oraz lepszymi wynikami test\u00f3w pami\u0119ciowych. <a href=\"https:\/\/pubmed.ncbi.nlm.nih.gov\/35098974\/\" target=\"_blank\" rel=\"noopener\">PubMed ID 35098974<\/a><\/li><li><i class=\"sui sui-caret-right\" style=\"color:#333\"><\/i> Wybrane prace wskazuj\u0105 ponadto, \u017ce **ketony** mog\u0105 pe\u0142ni\u0107 rol\u0119 paliwa rezerwowego, gdy glukoza jest deficytowa \u2013 istotne przy d\u0142ugotrwa\u0142ych zadaniach umys\u0142owych i wysi\u0142ku fizycznym.<\/li><\/ul><p><\/div><br \/><div class=\"su-divider su-divider-style-dashed\" style=\"margin:15px 0;border-width:1px;border-color:#c6c6c6\"><\/div><\/p><h2 style=\"text-align: left;\">\u26a0\ufe0f Bezpiecze\u0144stwo i tolerancja<\/h2><p>Przedstawione badania raportuj\u0105 przewa\u017cnie **dobr\u0105 tolerancj\u0119** soli BHB; sporadycznie notowano dolegliwo\u015bci \u017co\u0142\u0105dkowo-jelitowe po bardzo wysokich dawkach jednorazowych. Sole magnezu i wapnia s\u0105 dobrze przebadane pod k\u0105tem ich roli w gospodarce elektrolitowej. Jak w przypadku ka\u017cdego suplementu diety: **w razie istniej\u0105cych schorze\u0144 lub przyjmowanych lek\u00f3w skonsultuj si\u0119 z lekarzem.**<br \/><div class=\"su-divider su-divider-style-dashed\" style=\"margin:15px 0;border-width:1px;border-color:#c6c6c6\"><\/div><\/p><h2 style=\"text-align: left;\">\u2705\ufe0f Co to oznacza dla Ciebie?<\/h2><p>Dane sugeruj\u0105, \u017ce **egzogenne ketony w po\u0142\u0105czeniu z niezb\u0119dnymi minera\u0142ami** mog\u0105 tworzy\u0107 interesuj\u0105ce synergie dla metabolizmu energetycznego, poczucia wytrzyma\u0142o\u015bci i wydajno\u015bci poznawczej. Force X\u00ae \u0142\u0105czy w\u0142a\u015bnie te sk\u0142adniki w praktycznej, codziennej dawce.<br \/>\ud83d\udc49 Sprawd\u017a, jak <a href=\"https:\/\/force-x.eu\/pl\/\"><strong>Formu\u0142a Witalno\u015bci Force X<\/strong><\/a> mo\u017ce wpisa\u0107 si\u0119 w Tw\u00f3j dzie\u0144.<\/p><p><div class=\"su-divider su-divider-style-dashed\" style=\"margin:15px 0;border-width:1px;border-color:#c6c6c6\"><\/div><\/p><h2>\u2712\ufe0f \u0179r\u00f3d\u0142a i literatura uzupe\u0142niaj\u0105ca<\/h2><p><div class=\"su-list\" style=\"margin-left:0px\"><\/p><ul><li><i class=\"sui sui-caret-right\" style=\"color:#333\"><\/i> Suplementacja monoestrem ketonowym plus w\u0119glowodany \u2013 <em>Med Sci Sports Exerc<\/em>, 2023.<\/li><li><i class=\"sui sui-caret-right\" style=\"color:#333\"><\/i> Wp\u0142yw estr\u00f3w ketonowych na biomarkery metabolizmu m\u00f3zgu \u2013 <em>Alzheimer\u2019s Dement<\/em>, 2022.<\/li><li><i class=\"sui sui-caret-right\" style=\"color:#333\"><\/i> Kontrolowana hipokaloryczna dieta ketogeniczna z sol\u0105 BHB \u2013 <em>Nutrients<\/em>, 2021.<\/li><li><i class=\"sui sui-caret-right\" style=\"color:#333\"><\/i> Kolejne publikacje znajdziesz w naszym stale aktualizowanym archiwum literatury.<\/li><\/ul><p><\/div><br \/><div class=\"sue-panel\" data-url=\"\" data-target=\"self\" style=\"background-color:#FEF5C4;color:#000000;border-radius:0px;-moz-border-radius:0px;-webkit-border-radius:0px;box-shadow:0px 0px 0px #eeeeee;-moz-box-shadow:0px 0px 0px #eeeeee;-webkit-box-shadow:0px 0px 0px #eeeeee;border:0px solid #cccccc\"><div class=\"sue-panel-content sue-content-wrap\" style=\"padding:15px;text-align:left\">Niniejsze zestawienie ma wy\u0142\u0105cznie charakter informacyjny. Wyniki indywidualne mog\u0105 si\u0119 r\u00f3\u017cni\u0107, a przedstawione dane naukowe nie zast\u0119puj\u0105 porady specjalisty. Suplementy diety nie stanowi\u0105 substytutu zr\u00f3wnowa\u017conej diety ani zdrowego stylu \u017cycia.<\/div><\/div><\/p>\t\t\t\t\t\t\t\t<\/div>\n\t\t\t\t<\/div>\n\t\t\t\t\t<\/div>\n\t\t<\/div>\n\t\t\t\t\t<\/div>\n\t\t<\/section>\n\t\t\t\t<\/div>\n\t\t","protected":false},"excerpt":{"rendered":"<p>\u2753 Dlaczego osobna strona z badaniami? Uwaga: Prezentowane badania opisuj\u0105 dzia\u0142anie pojedynczych sk\u0142adnik\u00f3w lub formulacji \u2013 niekoniecznie dzia\u0142anie Force X\u00ae jako ca\u0142o\u015bci. \u26a1\ufe0f Magnez-BHB \u2013 skupienie na metabolizmie energetycznym \u2b50\ufe0f Wap\u0144-BHB \u2013 sk\u0142ad cia\u0142a i muskulatura \u269b\ufe0f S\u00f3d-BHB \u2013 funkcje poznawcze i wytrzyma\u0142o\u015b\u0107 \u26a0\ufe0f Bezpiecze\u0144stwo i tolerancja Przedstawione badania raportuj\u0105 przewa\u017cnie **dobr\u0105 tolerancj\u0119** soli BHB; [&hellip;]<\/p>\n","protected":false},"author":4,"featured_media":0,"parent":0,"menu_order":0,"comment_status":"closed","ping_status":"closed","template":"","meta":{"footnotes":""},"class_list":["post-4899","page","type-page","status-publish","hentry"],"rankMath":{"parentDomain":"force-x.eu","noFollowDomains":[],"noFollowExcludeDomains":[],"noFollowExternalLinks":false,"featuredImageNotice":"Prezentowany obraz powinien mie\u0107 co najmniej 200 na 200 pikseli, aby m\u00f3g\u0142 go pobra\u0107 Facebook i inne serwisy spo\u0142eczno\u015bciowe.","pluginReviewed":true,"postSettings":{"linkSuggestions":true,"useFocusKeyword":false},"frontEndScore":false,"postName":"badania-naukowe","permalinkFormat":"https:\/\/force-x.eu\/pl\/%pagename%\/","showLockModifiedDate":true,"assessor":{"focusKeywordLink":"https:\/\/force-x.eu\/wp-admin\/edit.php?focus_keyword=%focus_keyword%&post_type=%post_type%","hasTOCPlugin":{"table-of-contents-plus\/toc.php":"Table of Contents Plus"},"primaryTaxonomy":false,"serpData":{"title":"Badania i prace naukowe nad formu\u0142\u0105 BHB","description":"Niezale\u017cne badania potwierdzaj\u0105 skuteczno\u015b\u0107 3-sk\u0142adnikowej formu\u0142y Force X\u00ae \u26a1\ufe0f Dowiedz si\u0119, jak ketony BHB wspieraj\u0105 energi\u0119 i wytrzyma\u0142o\u015b\u0107","focusKeywords":"","pillarContent":false,"canonicalUrl":"","breadcrumbTitle":"","advancedRobots":{"max-snippet":"-1","max-video-preview":"-1","max-image-preview":"large"},"facebookTitle":"","facebookDescription":"","facebookImage":"","facebookImageID":"","facebookHasOverlay":false,"facebookImageOverlay":"","facebookAuthor":"","twitterCardType":"","twitterUseFacebook":true,"twitterTitle":"","twitterDescription":"","twitterImage":"","twitterImageID":"","twitterHasOverlay":false,"twitterImageOverlay":"","twitterPlayerUrl":"","twitterPlayerSize":"","twitterPlayerStream":"","twitterPlayerStreamCtype":"","twitterAppDescription":"","twitterAppIphoneName":"","twitterAppIphoneID":"","twitterAppIphoneUrl":"","twitterAppIpadName":"","twitterAppIpadID":"","twitterAppIpadUrl":"","twitterAppGoogleplayName":"","twitterAppGoogleplayID":"","twitterAppGoogleplayUrl":"","twitterAppCountry":"","robots":{"index":true,"noarchive":true},"twitterAuthor":"u\u017cytkownik","primaryTerm":0,"authorName":"Force X Kapseln","titleTemplate":"%title% %page% %sep% %sitename%","descriptionTemplate":"%excerpt%","showScoreFrontend":true,"lockModifiedDate":false},"powerWords":[],"diacritics":{"A":"[\\u0041\\u24B6\\uFF21\\u00C0\\u00C1\\u00C2\\u1EA6\\u1EA4\\u1EAA\\u1EA8\\u00C3\\u0100\\u0102\\u1EB0\\u1EAE\\u1EB4\\u1EB2\\u0226\\u01E0\\u00C4\\u01DE\\u1EA2\\u00C5\\u01FA\\u01CD\\u0200\\u0202\\u1EA0\\u1EAC\\u1EB6\\u1E00\\u0104\\u023A\\u2C6F]","AA":"[\\uA732]","AE":"[\\u00C6\\u01FC\\u01E2]","AO":"[\\uA734]","AU":"[\\uA736]","AV":"[\\uA738\\uA73A]","AY":"[\\uA73C]","B":"[\\u0042\\u24B7\\uFF22\\u1E02\\u1E04\\u1E06\\u0243\\u0182\\u0181]","C":"[\\u0043\\u24B8\\uFF23\\u0106\\u0108\\u010A\\u010C\\u00C7\\u1E08\\u0187\\u023B\\uA73E]","D":"[\\u0044\\u24B9\\uFF24\\u1E0A\\u010E\\u1E0C\\u1E10\\u1E12\\u1E0E\\u0110\\u018B\\u018A\\u0189\\uA779]","DZ":"[\\u01F1\\u01C4]","Dz":"[\\u01F2\\u01C5]","E":"[\\u0045\\u24BA\\uFF25\\u00C8\\u00C9\\u00CA\\u1EC0\\u1EBE\\u1EC4\\u1EC2\\u1EBC\\u0112\\u1E14\\u1E16\\u0114\\u0116\\u00CB\\u1EBA\\u011A\\u0204\\u0206\\u1EB8\\u1EC6\\u0228\\u1E1C\\u0118\\u1E18\\u1E1A\\u0190\\u018E]","F":"[\\u0046\\u24BB\\uFF26\\u1E1E\\u0191\\uA77B]","G":"[\\u0047\\u24BC\\uFF27\\u01F4\\u011C\\u1E20\\u011E\\u0120\\u01E6\\u0122\\u01E4\\u0193\\uA7A0\\uA77D\\uA77E]","H":"[\\u0048\\u24BD\\uFF28\\u0124\\u1E22\\u1E26\\u021E\\u1E24\\u1E28\\u1E2A\\u0126\\u2C67\\u2C75\\uA78D]","I":"[\\u0049\\u24BE\\uFF29\\u00CC\\u00CD\\u00CE\\u0128\\u012A\\u012C\\u0130\\u00CF\\u1E2E\\u1EC8\\u01CF\\u0208\\u020A\\u1ECA\\u012E\\u1E2C\\u0197]","J":"[\\u004A\\u24BF\\uFF2A\\u0134\\u0248]","K":"[\\u004B\\u24C0\\uFF2B\\u1E30\\u01E8\\u1E32\\u0136\\u1E34\\u0198\\u2C69\\uA740\\uA742\\uA744\\uA7A2]","L":"[\\u004C\\u24C1\\uFF2C\\u013F\\u0139\\u013D\\u1E36\\u1E38\\u013B\\u1E3C\\u1E3A\\u0141\\u023D\\u2C62\\u2C60\\uA748\\uA746\\uA780]","LJ":"[\\u01C7]","Lj":"[\\u01C8]","M":"[\\u004D\\u24C2\\uFF2D\\u1E3E\\u1E40\\u1E42\\u2C6E\\u019C]","N":"[\\u004E\\u24C3\\uFF2E\\u01F8\\u0143\\u00D1\\u1E44\\u0147\\u1E46\\u0145\\u1E4A\\u1E48\\u0220\\u019D\\uA790\\uA7A4]","NJ":"[\\u01CA]","Nj":"[\\u01CB]","O":"[\\u004F\\u24C4\\uFF2F\\u00D2\\u00D3\\u00D4\\u1ED2\\u1ED0\\u1ED6\\u1ED4\\u00D5\\u1E4C\\u022C\\u1E4E\\u014C\\u1E50\\u1E52\\u014E\\u022E\\u0230\\u00D6\\u022A\\u1ECE\\u0150\\u01D1\\u020C\\u020E\\u01A0\\u1EDC\\u1EDA\\u1EE0\\u1EDE\\u1EE2\\u1ECC\\u1ED8\\u01EA\\u01EC\\u00D8\\u01FE\\u0186\\u019F\\uA74A\\uA74C]","OI":"[\\u01A2]","OO":"[\\uA74E]","OU":"[\\u0222]","P":"[\\u0050\\u24C5\\uFF30\\u1E54\\u1E56\\u01A4\\u2C63\\uA750\\uA752\\uA754]","Q":"[\\u0051\\u24C6\\uFF31\\uA756\\uA758\\u024A]","R":"[\\u0052\\u24C7\\uFF32\\u0154\\u1E58\\u0158\\u0210\\u0212\\u1E5A\\u1E5C\\u0156\\u1E5E\\u024C\\u2C64\\uA75A\\uA7A6\\uA782]","S":"[\\u0053\\u24C8\\uFF33\\u1E9E\\u015A\\u1E64\\u015C\\u1E60\\u0160\\u1E66\\u1E62\\u1E68\\u0218\\u015E\\u2C7E\\uA7A8\\uA784]","T":"[\\u0054\\u24C9\\uFF34\\u1E6A\\u0164\\u1E6C\\u021A\\u0162\\u1E70\\u1E6E\\u0166\\u01AC\\u01AE\\u023E\\uA786]","TZ":"[\\uA728]","U":"[\\u0055\\u24CA\\uFF35\\u00D9\\u00DA\\u00DB\\u0168\\u1E78\\u016A\\u1E7A\\u016C\\u00DC\\u01DB\\u01D7\\u01D5\\u01D9\\u1EE6\\u016E\\u0170\\u01D3\\u0214\\u0216\\u01AF\\u1EEA\\u1EE8\\u1EEE\\u1EEC\\u1EF0\\u1EE4\\u1E72\\u0172\\u1E76\\u1E74\\u0244]","V":"[\\u0056\\u24CB\\uFF36\\u1E7C\\u1E7E\\u01B2\\uA75E\\u0245]","VY":"[\\uA760]","W":"[\\u0057\\u24CC\\uFF37\\u1E80\\u1E82\\u0174\\u1E86\\u1E84\\u1E88\\u2C72]","X":"[\\u0058\\u24CD\\uFF38\\u1E8A\\u1E8C]","Y":"[\\u0059\\u24CE\\uFF39\\u1EF2\\u00DD\\u0176\\u1EF8\\u0232\\u1E8E\\u0178\\u1EF6\\u1EF4\\u01B3\\u024E\\u1EFE]","Z":"[\\u005A\\u24CF\\uFF3A\\u0179\\u1E90\\u017B\\u017D\\u1E92\\u1E94\\u01B5\\u0224\\u2C7F\\u2C6B\\uA762]","a":"[\\u0061\\u24D0\\uFF41\\u1E9A\\u00E0\\u00E1\\u00E2\\u1EA7\\u1EA5\\u1EAB\\u1EA9\\u00E3\\u0101\\u0103\\u1EB1\\u1EAF\\u1EB5\\u1EB3\\u0227\\u01E1\\u00E4\\u01DF\\u1EA3\\u00E5\\u01FB\\u01CE\\u0201\\u0203\\u1EA1\\u1EAD\\u1EB7\\u1E01\\u0105\\u2C65\\u0250]","aa":"[\\uA733]","ae":"[\\u00E6\\u01FD\\u01E3]","ao":"[\\uA735]","au":"[\\uA737]","av":"[\\uA739\\uA73B]","ay":"[\\uA73D]","b":"[\\u0062\\u24D1\\uFF42\\u1E03\\u1E05\\u1E07\\u0180\\u0183\\u0253]","c":"[\\u0063\\u24D2\\uFF43\\u0107\\u0109\\u010B\\u010D\\u00E7\\u1E09\\u0188\\u023C\\uA73F\\u2184]","d":"[\\u0064\\u24D3\\uFF44\\u1E0B\\u010F\\u1E0D\\u1E11\\u1E13\\u1E0F\\u0111\\u018C\\u0256\\u0257\\uA77A]","dz":"[\\u01F3\\u01C6]","e":"[\\u0065\\u24D4\\uFF45\\u00E8\\u00E9\\u00EA\\u1EC1\\u1EBF\\u1EC5\\u1EC3\\u1EBD\\u0113\\u1E15\\u1E17\\u0115\\u0117\\u00EB\\u1EBB\\u011B\\u0205\\u0207\\u1EB9\\u1EC7\\u0229\\u1E1D\\u0119\\u1E19\\u1E1B\\u0247\\u025B\\u01DD]","f":"[\\u0066\\u24D5\\uFF46\\u1E1F\\u0192\\uA77C]","g":"[\\u0067\\u24D6\\uFF47\\u01F5\\u011D\\u1E21\\u011F\\u0121\\u01E7\\u0123\\u01E5\\u0260\\uA7A1\\u1D79\\uA77F]","h":"[\\u0068\\u24D7\\uFF48\\u0125\\u1E23\\u1E27\\u021F\\u1E25\\u1E29\\u1E2B\\u1E96\\u0127\\u2C68\\u2C76\\u0265]","hv":"[\\u0195]","i":"[\\u0069\\u24D8\\uFF49\\u00EC\\u00ED\\u00EE\\u0129\\u012B\\u012D\\u00EF\\u1E2F\\u1EC9\\u01D0\\u0209\\u020B\\u1ECB\\u012F\\u1E2D\\u0268\\u0131]","j":"[\\u006A\\u24D9\\uFF4A\\u0135\\u01F0\\u0249]","k":"[\\u006B\\u24DA\\uFF4B\\u1E31\\u01E9\\u1E33\\u0137\\u1E35\\u0199\\u2C6A\\uA741\\uA743\\uA745\\uA7A3]","l":"[\\u006C\\u24DB\\uFF4C\\u0140\\u013A\\u013E\\u1E37\\u1E39\\u013C\\u1E3D\\u1E3B\\u017F\\u0142\\u019A\\u026B\\u2C61\\uA749\\uA781\\uA747]","lj":"[\\u01C9]","m":"[\\u006D\\u24DC\\uFF4D\\u1E3F\\u1E41\\u1E43\\u0271\\u026F]","n":"[\\u006E\\u24DD\\uFF4E\\u01F9\\u0144\\u00F1\\u1E45\\u0148\\u1E47\\u0146\\u1E4B\\u1E49\\u019E\\u0272\\u0149\\uA791\\uA7A5]","nj":"[\\u01CC]","o":"[\\u006F\\u24DE\\uFF4F\\u00F2\\u00F3\\u00F4\\u1ED3\\u1ED1\\u1ED7\\u1ED5\\u00F5\\u1E4D\\u022D\\u1E4F\\u014D\\u1E51\\u1E53\\u014F\\u022F\\u0231\\u00F6\\u022B\\u1ECF\\u0151\\u01D2\\u020D\\u020F\\u01A1\\u1EDD\\u1EDB\\u1EE1\\u1EDF\\u1EE3\\u1ECD\\u1ED9\\u01EB\\u01ED\\u00F8\\u01FF\\u0254\\uA74B\\uA74D\\u0275]","oi":"[\\u01A3]","ou":"[\\u0223]","oo":"[\\uA74F]","p":"[\\u0070\\u24DF\\uFF50\\u1E55\\u1E57\\u01A5\\u1D7D\\uA751\\uA753\\uA755]","q":"[\\u0071\\u24E0\\uFF51\\u024B\\uA757\\uA759]","r":"[\\u0072\\u24E1\\uFF52\\u0155\\u1E59\\u0159\\u0211\\u0213\\u1E5B\\u1E5D\\u0157\\u1E5F\\u024D\\u027D\\uA75B\\uA7A7\\uA783]","s":"[\\u0073\\u24E2\\uFF53\\u015B\\u1E65\\u015D\\u1E61\\u0161\\u1E67\\u1E63\\u1E69\\u0219\\u015F\\u023F\\uA7A9\\uA785\\u1E9B]","ss":"[\\u00DF]","t":"[\\u0074\\u24E3\\uFF54\\u1E6B\\u1E97\\u0165\\u1E6D\\u021B\\u0163\\u1E71\\u1E6F\\u0167\\u01AD\\u0288\\u2C66\\uA787]","tz":"[\\uA729]","u":"[\\u0075\\u24E4\\uFF55\\u00F9\\u00FA\\u00FB\\u0169\\u1E79\\u016B\\u1E7B\\u016D\\u00FC\\u01DC\\u01D8\\u01D6\\u01DA\\u1EE7\\u016F\\u0171\\u01D4\\u0215\\u0217\\u01B0\\u1EEB\\u1EE9\\u1EEF\\u1EED\\u1EF1\\u1EE5\\u1E73\\u0173\\u1E77\\u1E75\\u0289]","v":"[\\u0076\\u24E5\\uFF56\\u1E7D\\u1E7F\\u028B\\uA75F\\u028C]","vy":"[\\uA761]","w":"[\\u0077\\u24E6\\uFF57\\u1E81\\u1E83\\u0175\\u1E87\\u1E85\\u1E98\\u1E89\\u2C73]","x":"[\\u0078\\u24E7\\uFF58\\u1E8B\\u1E8D]","y":"[\\u0079\\u24E8\\uFF59\\u1EF3\\u00FD\\u0177\\u1EF9\\u0233\\u1E8F\\u00FF\\u1EF7\\u1E99\\u1EF5\\u01B4\\u024F\\u1EFF]","z":"[\\u007A\\u24E9\\uFF5A\\u017A\\u1E91\\u017C\\u017E\\u1E93\\u1E95\\u01B6\\u0225\\u0240\\u2C6C\\uA763]"},"researchesTests":["contentHasTOC","contentHasShortParagraphs","contentHasAssets","keywordInTitle","keywordInMetaDescription","keywordInPermalink","keywordIn10Percent","keywordInContent","keywordInSubheadings","keywordInImageAlt","keywordDensity","keywordNotUsed","lengthContent","lengthPermalink","linksHasInternal","linksHasExternals","linksNotAllExternals","titleStartWithKeyword","titleSentiment","titleHasPowerWords","titleHasNumber","hasContentAI"],"hasRedirection":true,"hasBreadcrumb":true},"homeUrl":"https:\/\/force-x.eu\/pl\/","objectID":4899,"objectType":"post","locale":"pl","localeFull":"pl_PL","overlayImages":{"play":{"name":"Ikona PLAY","url":"https:\/\/force-x.eu\/wp-content\/plugins\/seo-by-rank-math\/assets\/admin\/img\/icon-play.png","path":"\/www\/htdocs\/w02000d4\/force-x.eu\/wp-content\/plugins\/seo-by-rank-math\/assets\/admin\/img\/icon-play.png","position":"middle_center"},"gif":{"name":"Ikona GIF","url":"https:\/\/force-x.eu\/wp-content\/plugins\/seo-by-rank-math\/assets\/admin\/img\/icon-gif.png","path":"\/www\/htdocs\/w02000d4\/force-x.eu\/wp-content\/plugins\/seo-by-rank-math\/assets\/admin\/img\/icon-gif.png","position":"middle_center"}},"defautOgImage":"https:\/\/force-x.eu\/wp-content\/uploads\/2025\/06\/force-x.webp","customPermalinks":true,"isUserRegistered":true,"autoSuggestKeywords":true,"connectSiteUrl":"https:\/\/rankmath.com\/auth?site=https%3A%2F%2Fforce-x.eu%2Fpl%2F&r=https%3A%2F%2Fforce-x.eu%2Fpl%2Fwp-json%2Fwp%2Fv2%2Fpages%2F4899%3Fnonce%3D65ee8d3f8f&pro=1","maxTags":100,"trendsIcon":"<svg viewBox=\"0 0 610 610\"><path d=\"M18.85,446,174.32,290.48l58.08,58.08L76.93,504a14.54,14.54,0,0,1-20.55,0L18.83,466.48a14.54,14.54,0,0,1,0-20.55Z\" style=\"fill:#4285f4\"\/><path d=\"M242.65,242.66,377.59,377.6l-47.75,47.75a14.54,14.54,0,0,1-20.55,0L174.37,290.43l47.75-47.75A14.52,14.52,0,0,1,242.65,242.66Z\" style=\"fill:#ea4335\"\/><polygon points=\"319.53 319.53 479.26 159.8 537.34 217.88 377.61 377.62 319.53 319.53\" style=\"fill:#fabb05\"\/><path d=\"M594.26,262.73V118.61h0a16.94,16.94,0,0,0-16.94-16.94H433.2a16.94,16.94,0,0,0-12,28.92L565.34,274.71h0a16.94,16.94,0,0,0,28.92-12Z\" style=\"fill:#34a853\"\/><rect width=\"610\" height=\"610\" style=\"fill:none\"\/><\/svg>","showScore":true,"siteFavIcon":"https:\/\/force-x.eu\/wp-content\/uploads\/2025\/05\/sun-1-150x150.png","canUser":{"general":false,"advanced":false,"snippet":false,"social":false,"analysis":false,"analytics":false,"content_ai":false},"showKeywordIntent":true,"isPro":true,"is_front_page":false,"trendsUpgradeLink":"https:\/\/rankmath.com\/pricing\/?utm_source=Plugin&utm_medium=CE%20General%20Tab%20Trends&utm_campaign=WP","trendsUpgradeLabel":"Ulepszenie","trendsPreviewImage":"https:\/\/force-x.eu\/wp-content\/plugins\/seo-by-rank-math\/assets\/admin\/img\/trends-preview.jpg","currentEditor":false,"homepageData":{"assessor":{"powerWords":[],"diacritics":true,"researchesTests":["contentHasTOC","contentHasShortParagraphs","contentHasAssets","keywordInTitle","keywordInMetaDescription","keywordInPermalink","keywordIn10Percent","keywordInContent","keywordInSubheadings","keywordInImageAlt","keywordDensity","keywordNotUsed","lengthContent","lengthPermalink","linksHasInternal","linksHasExternals","linksNotAllExternals","titleStartWithKeyword","titleSentiment","titleHasPowerWords","titleHasNumber","hasContentAI"],"hasBreadcrumb":true,"serpData":{"title":"%sitename% %page% %sep% %sitedesc%","description":"","titleTemplate":"%sitename% %page% %sep% %sitedesc%","descriptionTemplate":"","focusKeywords":"","breadcrumbTitle":"Home","robots":{"index":true,"noarchive":true},"advancedRobots":{"max-snippet":"-1","max-video-preview":"-1","max-image-preview":"large"},"facebookTitle":"","facebookDescription":"","facebookImage":"","facebookImageID":""}}},"isAnalyticsConnected":false,"tocTitle":"Table of Contents","tocExcludeHeadings":[],"listStyle":"ul"},"_links":{"self":[{"href":"https:\/\/force-x.eu\/pl\/wp-json\/wp\/v2\/pages\/4899","targetHints":{"allow":["GET"]}}],"collection":[{"href":"https:\/\/force-x.eu\/pl\/wp-json\/wp\/v2\/pages"}],"about":[{"href":"https:\/\/force-x.eu\/pl\/wp-json\/wp\/v2\/types\/page"}],"author":[{"embeddable":true,"href":"https:\/\/force-x.eu\/pl\/wp-json\/wp\/v2\/users\/4"}],"replies":[{"embeddable":true,"href":"https:\/\/force-x.eu\/pl\/wp-json\/wp\/v2\/comments?post=4899"}],"version-history":[{"count":0,"href":"https:\/\/force-x.eu\/pl\/wp-json\/wp\/v2\/pages\/4899\/revisions"}],"wp:attachment":[{"href":"https:\/\/force-x.eu\/pl\/wp-json\/wp\/v2\/media?parent=4899"}],"curies":[{"name":"wp","href":"https:\/\/api.w.org\/{rel}","templated":true}]}}